{"id":6521,"date":"2026-01-29T10:33:39","date_gmt":"2026-01-29T16:33:39","guid":{"rendered":"https:\/\/axiomdev.bdes.io\/a-propos\/"},"modified":"2026-03-23T15:02:12","modified_gmt":"2026-03-23T21:02:12","slug":"a-propos","status":"publish","type":"page","link":"https:\/\/axiomind.com\/fr\/a-propos\/","title":{"rendered":"\u00c0 propos"},"content":{"rendered":"\n<p>Nous sommes le fabricant original des <a href=\"https:\/\/axiomind.com\/fr\/product-cat\/alimentateurs-de-systeme\/\" data-type=\"product-cat\" data-id=\"296\">purgeurs de syst\u00e8me<\/a> \u2014 les dispositifs qui maintiennent la pression dans les syst\u00e8mes hydroniques en boucle ferm\u00e9e sans se connecter \u00e0 une alimentation en eau potable. Ce produit a lanc\u00e9 l&#8217;entreprise, et la m\u00eame approche technique guide tout ce que nous fabriquons aujourd&#8217;hui : neutraliseurs de condensats, d\u00e9min\u00e9ralisateurs d&#8217;eau, filtres de d\u00e9rivation, doseurs de produits chimiques, pompes \u00e0 condensats et contr\u00f4les de s\u00e9quen\u00e7age moteur.<\/p>\n\n<h3 class=\"wp-block-heading\">Fabriqu\u00e9 \u00e0 Saskatoon<\/h3>\n\n<p>Nos installations de Burron Avenue abritent la production, l&#8217;entreposage, les bureaux et un laboratoire de recherche d\u00e9di\u00e9 sous un m\u00eame toit \u2014 sur plus de 2 500 m\u00e8tres carr\u00e9s au total. Avoir la fabrication et les tests dans le m\u00eame b\u00e2timent signifie que nous pouvons prototyper, tester dans des conditions contr\u00f4l\u00e9es et exp\u00e9dier depuis un seul endroit.<\/p>\n\n<h3 class=\"wp-block-heading\">Comment nous d\u00e9veloppons nos produits<\/h3>\n\n<p>Chaque produit de notre gamme existe parce que quelqu&#8217;un sur le terrain en avait besoin. Les purgeurs de syst\u00e8me sont n\u00e9s des probl\u00e8mes r\u00e9els caus\u00e9s par l&#8217;utilisation de l&#8217;approvisionnement en eau domestique pour la pressurisation des syst\u00e8mes hydroniques. Nos neutraliseurs de condensats r\u00e9pondent aux exigences environnementales et r\u00e9glementaires pour le rejet des condensats acides. Les d\u00e9min\u00e9ralisateurs PuroPal prot\u00e8gent les composants du syst\u00e8me contre l&#8217;entartrage et la corrosion caus\u00e9s par une qualit\u00e9 d&#8217;eau marginale.<\/p>\n\n<p>Nous d\u00e9veloppons nos produits en fonction des besoins r\u00e9els des entrepreneurs, des ing\u00e9nieurs et des exploitants de b\u00e2timents \u2014 puis nous les appuyons avec les donn\u00e9es techniques et les outils de dimensionnement n\u00e9cessaires pour sp\u00e9cifier le bon produit pour le travail.<\/p>\n\n<h3 class=\"wp-block-heading\">\u00c0 travers l&#8217;Am\u00e9rique du Nord<\/h3>\n\n<p>Axiom dispose d&#8217;un r\u00e9seau de repr\u00e9sentants de fabricants couvrant chaque province canadienne et chaque \u00c9tat am\u00e9ricain. Que vous ayez besoin d&#8217;aide pour la s\u00e9lection de produits, de support technique ou de disponibilit\u00e9 locale, il y a un repr\u00e9sentant dans votre r\u00e9gion qui conna\u00eet nos \u00e9quipements. Nous servons \u00e9galement les march\u00e9s bilingues avec un support complet en fran\u00e7ais pour toutes nos gammes de produits et notre documentation technique.<\/p>\n\n<h3 class=\"wp-block-heading\">Racines techniques<\/h3>\n\n<p>Notre fondateur a pass\u00e9 sa carri\u00e8re dans l&#8217;industrie du CVC \u00e0 travailler avec des syst\u00e8mes de chauffage et de refroidissement hydroniques dans des b\u00e2timents commerciaux et institutionnels \u2014 et est devenu l&#8217;un des formateurs et d\u00e9panneurs les plus respect\u00e9s de l&#8217;industrie. Cette approche pratique et ax\u00e9e sur la technique est toujours notre mode de fonctionnement. Nous publions des discussions techniques, maintenons des calculateurs de produits pour faciliter le dimensionnement et fournissons le type de documentation qui rend l&#8217;installation et la maintenance simples.<\/p>\n","protected":false},"excerpt":{"rendered":"<p>Nous sommes le fabricant original des purgeurs de syst\u00e8me \u2014 les dispositifs qui maintiennent la pression dans les syst\u00e8mes hydroniques en boucle ferm\u00e9e sans se connecter \u00e0 une alimentation en eau potable. Ce produit a lanc\u00e9 l&#8217;entreprise, et la m\u00eame approche technique guide tout ce que nous fabriquons aujourd&#8217;hui : neutraliseurs de condensats, d\u00e9min\u00e9ralisateurs d&#8217;eau, [&hellip;]<\/p>\n","protected":false},"author":1,"featured_media":0,"parent":0,"menu_order":4,"comment_status":"closed","ping_status":"closed","template":"","meta":{"_acf_changed":false,"_relevanssi_hide_post":"","_relevanssi_hide_content":"","_relevanssi_pin_for_all":"","_relevanssi_pin_keywords":"","_relevanssi_unpin_keywords":"","_relevanssi_related_keywords":"","_relevanssi_related_include_ids":"","_relevanssi_related_exclude_ids":"","_relevanssi_related_no_append":"","_relevanssi_related_not_related":"","_relevanssi_related_posts":"","_relevanssi_noindex_reason":"","footnotes":""},"class_list":["post-6521","page","type-page","status-publish","hentry"],"acf":[],"_links":{"self":[{"href":"https:\/\/axiomind.com\/fr\/wp-json\/wp\/v2\/pages\/6521","targetHints":{"allow":["GET"]}}],"collection":[{"href":"https:\/\/axiomind.com\/fr\/wp-json\/wp\/v2\/pages"}],"about":[{"href":"https:\/\/axiomind.com\/fr\/wp-json\/wp\/v2\/types\/page"}],"author":[{"embeddable":true,"href":"https:\/\/axiomind.com\/fr\/wp-json\/wp\/v2\/users\/1"}],"replies":[{"embeddable":true,"href":"https:\/\/axiomind.com\/fr\/wp-json\/wp\/v2\/comments?post=6521"}],"version-history":[{"count":1,"href":"https:\/\/axiomind.com\/fr\/wp-json\/wp\/v2\/pages\/6521\/revisions"}],"predecessor-version":[{"id":6522,"href":"https:\/\/axiomind.com\/fr\/wp-json\/wp\/v2\/pages\/6521\/revisions\/6522"}],"wp:attachment":[{"href":"https:\/\/axiomind.com\/fr\/wp-json\/wp\/v2\/media?parent=6521"}],"curies":[{"name":"wp","href":"https:\/\/api.w.org\/{rel}","templated":true}]}}