{"id":2064,"date":"2020-12-17T14:11:49","date_gmt":"2020-12-17T20:11:49","guid":{"rendered":"https:\/\/axiomdev.bdes.io\/product\/clean-f-steel-stainless-steel-2\/"},"modified":"2026-01-21T09:54:31","modified_gmt":"2026-01-21T15:54:31","slug":"clean-f-steel-stainless-steel","status":"publish","type":"product","link":"https:\/\/axiomind.com\/fr\/product\/clean-f-steel-stainless-steel\/","title":{"rendered":"Clean F-Steel"},"content":{"rendered":"<p>Enl\u00e8ve les r\u00e9sidus de combustion, m\u00eame les plus tenaces, sur les \u00e9changeurs de chaleur en acier inoxydable.<\/p>\n","protected":false},"featured_media":4655,"template":"","meta":{"_acf_changed":false,"_relevanssi_hide_post":"","_relevanssi_hide_content":"","_relevanssi_pin_for_all":"","_relevanssi_pin_keywords":"","_relevanssi_unpin_keywords":"","_relevanssi_related_keywords":"","_relevanssi_related_include_ids":"","_relevanssi_related_exclude_ids":"","_relevanssi_related_no_append":"","_relevanssi_related_not_related":"","_relevanssi_related_posts":"","_relevanssi_noindex_reason":""},"product-cat":[368,308],"product-status":[],"class_list":["post-2064","product","type-product","status-publish","has-post-thumbnail","hentry","product-cat-nettoyeur-cote-combustion","product-cat-produits-chimiques-axi-therm"],"acf":{"market_segment":"","product_line":"Axi-Therm Cleaners","is_discontinued":false,"application_types":["Boiler","Condensate Management"],"is_ul_listed":false,"is_csa_certified":false,"is_etl_certified":false,"voltage":"","tank_capacity_usg":"","tank_capacity_liters":1,"demineralizer_capacity_usg":"","pressure_range_min_psi":"","pressure_range_max_psi":"","max_working_pressure_psi":"","btu_rating":"","flow_rate_gph":"","flow_rate_gpm":"","lift_height_ft":"","pump_count":"","connection_size":"","max_temperature_f":"","micron_rating":"","is_high_pressure":false,"is_ultra_high_pressure":false,"is_duplex":false,"has_control_panel":false,"is_large_capacity":false,"is_stainless_steel":true,"is_wall_mount":false,"has_2prv_outlet":false,"is_high_temperature":false,"has_pump":false,"support_instructions":"","serial_number_image":"","support_faqs":null},"_links":{"self":[{"href":"https:\/\/axiomind.com\/fr\/wp-json\/wp\/v2\/product\/2064","targetHints":{"allow":["GET"]}}],"collection":[{"href":"https:\/\/axiomind.com\/fr\/wp-json\/wp\/v2\/product"}],"about":[{"href":"https:\/\/axiomind.com\/fr\/wp-json\/wp\/v2\/types\/product"}],"wp:featuredmedia":[{"embeddable":true,"href":"https:\/\/axiomind.com\/fr\/wp-json\/wp\/v2\/media\/4655"}],"wp:attachment":[{"href":"https:\/\/axiomind.com\/fr\/wp-json\/wp\/v2\/media?parent=2064"}],"wp:term":[{"taxonomy":"product-cat","embeddable":true,"href":"https:\/\/axiomind.com\/fr\/wp-json\/wp\/v2\/product-cat?post=2064"},{"taxonomy":"product-status","embeddable":true,"href":"https:\/\/axiomind.com\/fr\/wp-json\/wp\/v2\/product-status?post=2064"}],"curies":[{"name":"wp","href":"https:\/\/api.w.org\/{rel}","templated":true}]}}