{"id":2218,"date":"2020-12-18T10:22:45","date_gmt":"2020-12-18T16:22:45","guid":{"rendered":"https:\/\/axiomdev.bdes.io\/product\/cbf-5-2\/"},"modified":"2026-01-21T09:54:26","modified_gmt":"2026-01-21T15:54:26","slug":"cbf-5","status":"publish","type":"product","link":"https:\/\/axiomind.com\/fr\/product\/cbf-5\/","title":{"rendered":"CBF-5"},"content":{"rendered":"<p>Le doseur en d\u00e9rivation d\u2019Axiom sert \u00e0 injecter des produits chimiques dans tout syst\u00e8me \u00e0 circuit ferm\u00e9. Maintenir l\u2019\u00e9quilibre chimique d&#8217;un syst\u00e8me hydronique n\u2019a jamais \u00e9t\u00e9 aussi facile.<\/p>\n<p>&nbsp;<\/p>\n<p><strong>Pression et  temp\u00e9rature maxi :<\/strong> 265psi (1.83MPa) at 200 \u030aF (93 \u030aC)<br \/>\n<strong>Connexions :<\/strong> FNPT (3\u20444\u201d)<\/p>\n","protected":false},"featured_media":4584,"template":"","meta":{"_acf_changed":false,"_relevanssi_hide_post":"","_relevanssi_hide_content":"","_relevanssi_pin_for_all":"","_relevanssi_pin_keywords":"","_relevanssi_unpin_keywords":"","_relevanssi_related_keywords":"","_relevanssi_related_include_ids":"","_relevanssi_related_exclude_ids":"","_relevanssi_related_no_append":"","_relevanssi_related_not_related":"","_relevanssi_related_posts":"","_relevanssi_noindex_reason":""},"product-cat":[376,404,387],"product-status":[],"class_list":["post-2218","product","type-product","status-publish","has-post-thumbnail","hentry","product-cat-doseur-de-produits-chimiques-en-derivation","product-cat-filterpak-potfeeder","product-cat-gamme-cbf"],"acf":{"market_segment":"","product_line":"CBF Series","is_discontinued":false,"application_types":["Filtration"],"is_ul_listed":false,"is_csa_certified":false,"is_etl_certified":false,"voltage":"","tank_capacity_usg":5,"tank_capacity_liters":18.9,"demineralizer_capacity_usg":"","pressure_range_min_psi":265,"pressure_range_max_psi":265,"max_working_pressure_psi":"","btu_rating":"","flow_rate_gph":"","flow_rate_gpm":"","lift_height_ft":"","pump_count":"","connection_size":"3\/4\"","max_temperature_f":"","micron_rating":"","is_high_pressure":false,"is_ultra_high_pressure":false,"is_duplex":false,"has_control_panel":false,"is_large_capacity":false,"is_stainless_steel":true,"is_wall_mount":false,"has_2prv_outlet":false,"is_high_temperature":false,"has_pump":false,"support_instructions":"","serial_number_image":"","support_faqs":null},"_links":{"self":[{"href":"https:\/\/axiomind.com\/fr\/wp-json\/wp\/v2\/product\/2218","targetHints":{"allow":["GET"]}}],"collection":[{"href":"https:\/\/axiomind.com\/fr\/wp-json\/wp\/v2\/product"}],"about":[{"href":"https:\/\/axiomind.com\/fr\/wp-json\/wp\/v2\/types\/product"}],"wp:featuredmedia":[{"embeddable":true,"href":"https:\/\/axiomind.com\/fr\/wp-json\/wp\/v2\/media\/4584"}],"wp:attachment":[{"href":"https:\/\/axiomind.com\/fr\/wp-json\/wp\/v2\/media?parent=2218"}],"wp:term":[{"taxonomy":"product-cat","embeddable":true,"href":"https:\/\/axiomind.com\/fr\/wp-json\/wp\/v2\/product-cat?post=2218"},{"taxonomy":"product-status","embeddable":true,"href":"https:\/\/axiomind.com\/fr\/wp-json\/wp\/v2\/product-status?post=2218"}],"curies":[{"name":"wp","href":"https:\/\/api.w.org\/{rel}","templated":true}]}}