{"id":2410,"date":"2021-02-09T15:31:11","date_gmt":"2021-02-09T21:31:11","guid":{"rendered":"https:\/\/axiomdev.bdes.io\/product\/ria10-nema-4x-alarm-panel-2\/"},"modified":"2026-01-21T09:54:08","modified_gmt":"2026-01-21T15:54:08","slug":"ria10-nema-4x-alarm-panel","status":"publish","type":"product","link":"https:\/\/axiomind.com\/fr\/product\/ria10-nema-4x-alarm-panel\/","title":{"rendered":"&#8220;RIA10-1-4x&#8221; NEMA Alarm Panel"},"content":{"rendered":"<p>Le panneau d\u2019alarme comprend un cordon d\u2019alimentation, un relais pompe\/alarme, des t\u00e9moins lumineux lorsque le courant et l\u2019alarme sont branch\u00e9s, une alarme sonore, un interrupteur \u00e0 flotteur et un prise pour le cordon d\u2019alimentation du mod\u00e8le SF-100. En cas de bas niveau, le SF100 est d\u00e9sactiv\u00e9, l\u2019alarme sonne et une s\u00e9rie de contacts secs ferme (pour signal \u00e0 distance s\u2019il est reli\u00e9 \u00e0 un syst\u00e8me de gestion num\u00e9rique).  L\u2019avertisseur sonore peut \u00eatre d\u00e9branch\u00e9 en enlevant le cavalier dans le circuit d\u2019alarme.<\/p>\n","protected":false},"featured_media":4383,"template":"","meta":{"_acf_changed":false,"_relevanssi_hide_post":"","_relevanssi_hide_content":"","_relevanssi_pin_for_all":"","_relevanssi_pin_keywords":"","_relevanssi_unpin_keywords":"","_relevanssi_related_keywords":"","_relevanssi_related_include_ids":"","_relevanssi_related_exclude_ids":"","_relevanssi_related_no_append":"","_relevanssi_related_not_related":"","_relevanssi_related_posts":"","_relevanssi_noindex_reason":""},"product-cat":[357,306],"product-status":[],"class_list":["post-2410","product","type-product","status-publish","has-post-thumbnail","hentry","product-cat-accessoires-as","product-cat-alimentateurs-de-systeme"],"acf":{"market_segment":"","product_line":"SF100 Series","is_discontinued":false,"application_types":"","is_ul_listed":false,"is_csa_certified":false,"is_etl_certified":false,"voltage":"115\/230 VAC","tank_capacity_usg":"","tank_capacity_liters":"","demineralizer_capacity_usg":"","pressure_range_min_psi":"","pressure_range_max_psi":"","max_working_pressure_psi":"","btu_rating":"","flow_rate_gph":"","flow_rate_gpm":"","lift_height_ft":"","pump_count":"","connection_size":"","max_temperature_f":140,"micron_rating":"","is_high_pressure":false,"is_ultra_high_pressure":false,"is_duplex":false,"has_control_panel":false,"is_large_capacity":false,"is_stainless_steel":false,"is_wall_mount":false,"has_2prv_outlet":false,"is_high_temperature":false,"has_pump":false,"support_instructions":"","serial_number_image":"","support_faqs":null},"_links":{"self":[{"href":"https:\/\/axiomind.com\/fr\/wp-json\/wp\/v2\/product\/2410","targetHints":{"allow":["GET"]}}],"collection":[{"href":"https:\/\/axiomind.com\/fr\/wp-json\/wp\/v2\/product"}],"about":[{"href":"https:\/\/axiomind.com\/fr\/wp-json\/wp\/v2\/types\/product"}],"wp:featuredmedia":[{"embeddable":true,"href":"https:\/\/axiomind.com\/fr\/wp-json\/wp\/v2\/media\/4383"}],"wp:attachment":[{"href":"https:\/\/axiomind.com\/fr\/wp-json\/wp\/v2\/media?parent=2410"}],"wp:term":[{"taxonomy":"product-cat","embeddable":true,"href":"https:\/\/axiomind.com\/fr\/wp-json\/wp\/v2\/product-cat?post=2410"},{"taxonomy":"product-status","embeddable":true,"href":"https:\/\/axiomind.com\/fr\/wp-json\/wp\/v2\/product-status?post=2410"}],"curies":[{"name":"wp","href":"https:\/\/api.w.org\/{rel}","templated":true}]}}