{"id":3053,"date":"2020-11-18T06:41:59","date_gmt":"2020-11-18T12:41:59","guid":{"rendered":"https:\/\/axiomdev.bdes.io\/product\/nc-2-2\/"},"modified":"2026-01-21T09:54:49","modified_gmt":"2026-01-21T15:54:49","slug":"nc-2","status":"publish","type":"product","link":"https:\/\/axiomind.com\/fr\/product\/nc-2\/","title":{"rendered":"NC-2"},"content":{"rendered":"<p>Neutrapal est l\u2019id\u00e9al pour neutraliser les condensats des fournaises et chaudi\u00e8res \u00e0 condensation \u00e0 gaz naturel ou propane.<\/p>\n<p>Ces condensats acides sont nuisibles pour les r\u00e9seaux d&#8217;\u00e9vacuation et pour l\u2019environnement. Neutrapal neutralise les condensats pour obtenir un niveau de pH quasi neutre avant son rejet \u00e0 l&#8217;\u00e9gout.<\/p>\n","protected":false},"featured_media":4905,"template":"","meta":{"_acf_changed":false,"_relevanssi_hide_post":"","_relevanssi_hide_content":"","_relevanssi_pin_for_all":"","_relevanssi_pin_keywords":"","_relevanssi_unpin_keywords":"","_relevanssi_related_keywords":"","_relevanssi_related_include_ids":"","_relevanssi_related_exclude_ids":"","_relevanssi_related_no_append":"","_relevanssi_related_not_related":"","_relevanssi_related_posts":"","_relevanssi_noindex_reason":""},"product-cat":[359,307],"product-status":[],"class_list":["post-3053","product","type-product","status-publish","has-post-thumbnail","hentry","product-cat-gamme-neutrapal","product-cat-neutralisateur-de-condensat"],"acf":{"market_segment":"","product_line":"NeutraPal Series","is_discontinued":false,"application_types":["Boiler","Condensate Management"],"is_ul_listed":false,"is_csa_certified":false,"is_etl_certified":false,"voltage":"","tank_capacity_usg":"","tank_capacity_liters":"","demineralizer_capacity_usg":"","pressure_range_min_psi":"","pressure_range_max_psi":"","max_working_pressure_psi":"","btu_rating":1000000,"flow_rate_gph":4,"flow_rate_gpm":"","lift_height_ft":"","pump_count":"","connection_size":"","max_temperature_f":"","micron_rating":"","is_high_pressure":false,"is_ultra_high_pressure":false,"is_duplex":false,"has_control_panel":false,"is_large_capacity":false,"is_stainless_steel":false,"is_wall_mount":false,"has_2prv_outlet":false,"is_high_temperature":false,"has_pump":false,"support_instructions":"","serial_number_image":"","support_faqs":null},"_links":{"self":[{"href":"https:\/\/axiomind.com\/fr\/wp-json\/wp\/v2\/product\/3053","targetHints":{"allow":["GET"]}}],"collection":[{"href":"https:\/\/axiomind.com\/fr\/wp-json\/wp\/v2\/product"}],"about":[{"href":"https:\/\/axiomind.com\/fr\/wp-json\/wp\/v2\/types\/product"}],"wp:featuredmedia":[{"embeddable":true,"href":"https:\/\/axiomind.com\/fr\/wp-json\/wp\/v2\/media\/4905"}],"wp:attachment":[{"href":"https:\/\/axiomind.com\/fr\/wp-json\/wp\/v2\/media?parent=3053"}],"wp:term":[{"taxonomy":"product-cat","embeddable":true,"href":"https:\/\/axiomind.com\/fr\/wp-json\/wp\/v2\/product-cat?post=3053"},{"taxonomy":"product-status","embeddable":true,"href":"https:\/\/axiomind.com\/fr\/wp-json\/wp\/v2\/product-status?post=3053"}],"curies":[{"name":"wp","href":"https:\/\/api.w.org\/{rel}","templated":true}]}}