{"id":3142,"date":"2020-11-18T06:50:12","date_gmt":"2020-11-18T12:50:12","guid":{"rendered":"https:\/\/axiomdev.bdes.io\/product\/nt25-2\/"},"modified":"2026-01-21T09:54:52","modified_gmt":"2026-01-21T15:54:52","slug":"nt25","status":"publish","type":"product","link":"https:\/\/axiomind.com\/fr\/product\/nt25\/","title":{"rendered":"NT25"},"content":{"rendered":"<p>Le bac NT25 est id\u00e9al pour neutraliser le condensat des chaudi\u00e8res ou fournaises \u00e0 condensation \u00e0 gaz naturel ou propane.<\/p>\n<p>Le condensat produit par ces appareils est acide et peut nuire \u00e0 l&#8217;environnement ainsi qu&#8217;au r\u00e9seau d&#8217;\u00e9gout. Le NT25 neutralise l&#8217;acidit\u00e9 du condensat \u00e0 un niveau de pH plus neutre avant qu&#8217;il soit d\u00e9vers\u00e9 \u00e0 l\u2019\u00e9gout.<\/p>\n","protected":false},"featured_media":4974,"template":"","meta":{"_acf_changed":false,"_relevanssi_hide_post":"","_relevanssi_hide_content":"","_relevanssi_pin_for_all":"","_relevanssi_pin_keywords":"","_relevanssi_unpin_keywords":"","_relevanssi_related_keywords":"","_relevanssi_related_include_ids":"","_relevanssi_related_exclude_ids":"","_relevanssi_related_no_append":"","_relevanssi_related_not_related":"","_relevanssi_related_posts":"","_relevanssi_noindex_reason":""},"product-cat":[360,307],"product-status":[],"class_list":["post-3142","product","type-product","status-publish","has-post-thumbnail","hentry","product-cat-gamme-neutrapro","product-cat-neutralisateur-de-condensat"],"acf":{"market_segment":"","product_line":"NeutraPro Series","is_discontinued":false,"application_types":["Boiler","Condensate Management"],"is_ul_listed":false,"is_csa_certified":false,"is_etl_certified":false,"voltage":"","tank_capacity_usg":4.8,"tank_capacity_liters":18,"demineralizer_capacity_usg":"","pressure_range_min_psi":"","pressure_range_max_psi":"","max_working_pressure_psi":"","btu_rating":7000000,"flow_rate_gph":45,"flow_rate_gpm":"","lift_height_ft":"","pump_count":"","connection_size":"","max_temperature_f":"","micron_rating":"","is_high_pressure":false,"is_ultra_high_pressure":false,"is_duplex":false,"has_control_panel":false,"is_large_capacity":false,"is_stainless_steel":false,"is_wall_mount":false,"has_2prv_outlet":false,"is_high_temperature":false,"has_pump":false,"support_instructions":"","serial_number_image":"","support_faqs":null},"_links":{"self":[{"href":"https:\/\/axiomind.com\/fr\/wp-json\/wp\/v2\/product\/3142","targetHints":{"allow":["GET"]}}],"collection":[{"href":"https:\/\/axiomind.com\/fr\/wp-json\/wp\/v2\/product"}],"about":[{"href":"https:\/\/axiomind.com\/fr\/wp-json\/wp\/v2\/types\/product"}],"wp:featuredmedia":[{"embeddable":true,"href":"https:\/\/axiomind.com\/fr\/wp-json\/wp\/v2\/media\/4974"}],"wp:attachment":[{"href":"https:\/\/axiomind.com\/fr\/wp-json\/wp\/v2\/media?parent=3142"}],"wp:term":[{"taxonomy":"product-cat","embeddable":true,"href":"https:\/\/axiomind.com\/fr\/wp-json\/wp\/v2\/product-cat?post=3142"},{"taxonomy":"product-status","embeddable":true,"href":"https:\/\/axiomind.com\/fr\/wp-json\/wp\/v2\/product-status?post=3142"}],"curies":[{"name":"wp","href":"https:\/\/api.w.org\/{rel}","templated":true}]}}