{"id":3168,"date":"2020-12-16T11:18:39","date_gmt":"2020-12-16T17:18:39","guid":{"rendered":"https:\/\/axiomdev.bdes.io\/product\/dmf150-2\/"},"modified":"2026-01-21T09:54:35","modified_gmt":"2026-01-21T15:54:35","slug":"dmf150","status":"publish","type":"product","link":"https:\/\/axiomind.com\/fr\/product\/dmf150\/","title":{"rendered":"DMF150"},"content":{"rendered":"<p>Le leader de l&#8217;industrie en pressurisation de syst\u00e8me hydronique\u00e0  boucle ferm\u00e9e ajoute un tout nouveau \u00abPRESSURE PAL\u00bb \u00e0 la gamme<br \/>\n  de produits Axiom. Le <strong>DMF150<\/strong> est dot\u00e9 d\u2019un contr\u00f4le de pression num\u00e9rique (0-45 psig) et de contacts d&#8217;alerte \u00e9lectronique. Le design du r\u00e9servoir int\u00e8gre la contrepi\u00e8ce d\u2019un support mural fourni en \u00e9quipement standard. Tr\u00e8s pratique, le remplissage par l\u2019avant facilite grandement la manipulation du fluide.<\/p>\n","protected":false},"featured_media":4701,"template":"","meta":{"_acf_changed":false,"_relevanssi_hide_post":"","_relevanssi_hide_content":"","_relevanssi_pin_for_all":"","_relevanssi_pin_keywords":"","_relevanssi_unpin_keywords":"","_relevanssi_related_keywords":"","_relevanssi_related_include_ids":"","_relevanssi_related_exclude_ids":"","_relevanssi_related_no_append":"","_relevanssi_related_not_related":"","_relevanssi_related_posts":"","_relevanssi_noindex_reason":""},"product-cat":[306,355],"product-status":[],"class_list":["post-3168","product","type-product","status-publish","has-post-thumbnail","hentry","product-cat-alimentateurs-de-systeme","product-cat-residentiel-as"],"acf":{"market_segment":"Residential","product_line":"DMF Series","is_discontinued":false,"application_types":"","is_ul_listed":false,"is_csa_certified":false,"is_etl_certified":false,"voltage":"115 VAC","tank_capacity_usg":4.6,"tank_capacity_liters":17,"demineralizer_capacity_usg":"","pressure_range_min_psi":0,"pressure_range_max_psi":45,"max_working_pressure_psi":"","btu_rating":"","flow_rate_gph":"","flow_rate_gpm":"","lift_height_ft":"","pump_count":1,"connection_size":"","max_temperature_f":"","micron_rating":"","is_high_pressure":false,"is_ultra_high_pressure":false,"is_duplex":false,"has_control_panel":false,"is_large_capacity":false,"is_stainless_steel":false,"is_wall_mount":false,"has_2prv_outlet":false,"is_high_temperature":false,"has_pump":false,"support_instructions":"","serial_number_image":6376,"support_faqs":[{"faq_question":"","faq_answer":""},{"faq_question":"","faq_answer":""}]},"_links":{"self":[{"href":"https:\/\/axiomind.com\/fr\/wp-json\/wp\/v2\/product\/3168","targetHints":{"allow":["GET"]}}],"collection":[{"href":"https:\/\/axiomind.com\/fr\/wp-json\/wp\/v2\/product"}],"about":[{"href":"https:\/\/axiomind.com\/fr\/wp-json\/wp\/v2\/types\/product"}],"wp:featuredmedia":[{"embeddable":true,"href":"https:\/\/axiomind.com\/fr\/wp-json\/wp\/v2\/media\/4701"}],"wp:attachment":[{"href":"https:\/\/axiomind.com\/fr\/wp-json\/wp\/v2\/media?parent=3168"}],"wp:term":[{"taxonomy":"product-cat","embeddable":true,"href":"https:\/\/axiomind.com\/fr\/wp-json\/wp\/v2\/product-cat?post=3168"},{"taxonomy":"product-status","embeddable":true,"href":"https:\/\/axiomind.com\/fr\/wp-json\/wp\/v2\/product-status?post=3168"}],"curies":[{"name":"wp","href":"https:\/\/api.w.org\/{rel}","templated":true}]}}