{"id":3476,"date":"2020-12-16T12:14:16","date_gmt":"2020-12-16T18:14:16","guid":{"rendered":"https:\/\/axiomdev.bdes.io\/product\/alarm-panel-2\/"},"modified":"2026-01-21T09:54:08","modified_gmt":"2026-01-21T15:54:08","slug":"alarm-panel","status":"publish","type":"product","link":"https:\/\/axiomind.com\/fr\/product\/alarm-panel\/","title":{"rendered":"&#8220;RIA10-1-SAA&#8221; Alarm Panel"},"content":{"rendered":"<p>Alarm panel shall incorporate a power supply cord, pump\/alarm relay, power on and alarm indicating lights, alarm buzzer, test switch, silence\/off switch, and receptacle for SF100 power supply cord. On a low-level condition the SF100 will be disabled, the alarm will sound and a set of dry contacts will close (for remote indication if connected to a DCS). The alarm buzzer may be disconnected by removing a jumper in the alarm circuit.<\/p>\n<ul>\n<li><b>Puissance \u00e9lectrique des moteurs:<\/b><span style=\"font-weight: 400;\">\u00bc hp at 115 Volts\/230 Volts<\/span><\/li>\n<li><b>C\u00e2ble:<\/b><span style=\"font-weight: 400;\">n\u00e9opr\u00e8ne, type SJOW num\u00e9ro 16\/2 (7,6 mm de diam\u00e8tre)<\/span><\/li>\n<li><b>Temp\u00e9rature:<\/b><span style=\"font-weight: 400;\"> 140\u00b0 F (60\u00b0 C)<\/span><\/li>\n<li><b>Dimensions du panneau:<\/b><span style=\"font-weight: 400;\">192mm x 92mm x 66mm<\/span><\/li>\n<li><b>Decibel Rating: <span style=\"font-weight: 400;\">90-110 dB.<\/span><\/b><\/li>\n<\/ul>\n","protected":false},"featured_media":4397,"template":"","meta":{"_acf_changed":false,"_relevanssi_hide_post":"","_relevanssi_hide_content":"","_relevanssi_pin_for_all":"","_relevanssi_pin_keywords":"","_relevanssi_unpin_keywords":"","_relevanssi_related_keywords":"","_relevanssi_related_include_ids":"","_relevanssi_related_exclude_ids":"","_relevanssi_related_no_append":"","_relevanssi_related_not_related":"","_relevanssi_related_posts":"","_relevanssi_noindex_reason":""},"product-cat":[357,306],"product-status":[],"class_list":["post-3476","product","type-product","status-publish","has-post-thumbnail","hentry","product-cat-accessoires-as","product-cat-alimentateurs-de-systeme"],"acf":{"market_segment":"","product_line":"SF100 Series","is_discontinued":false,"application_types":"","is_ul_listed":true,"is_csa_certified":false,"is_etl_certified":false,"voltage":"115 VAC","tank_capacity_usg":"","tank_capacity_liters":"","demineralizer_capacity_usg":"","pressure_range_min_psi":"","pressure_range_max_psi":"","max_working_pressure_psi":"","btu_rating":"","flow_rate_gph":"","flow_rate_gpm":"","lift_height_ft":"","pump_count":"","connection_size":"","max_temperature_f":140,"micron_rating":"","is_high_pressure":false,"is_ultra_high_pressure":false,"is_duplex":false,"has_control_panel":false,"is_large_capacity":false,"is_stainless_steel":false,"is_wall_mount":false,"has_2prv_outlet":false,"is_high_temperature":false,"has_pump":false,"support_instructions":"","serial_number_image":"","support_faqs":null},"_links":{"self":[{"href":"https:\/\/axiomind.com\/fr\/wp-json\/wp\/v2\/product\/3476","targetHints":{"allow":["GET"]}}],"collection":[{"href":"https:\/\/axiomind.com\/fr\/wp-json\/wp\/v2\/product"}],"about":[{"href":"https:\/\/axiomind.com\/fr\/wp-json\/wp\/v2\/types\/product"}],"wp:featuredmedia":[{"embeddable":true,"href":"https:\/\/axiomind.com\/fr\/wp-json\/wp\/v2\/media\/4397"}],"wp:attachment":[{"href":"https:\/\/axiomind.com\/fr\/wp-json\/wp\/v2\/media?parent=3476"}],"wp:term":[{"taxonomy":"product-cat","embeddable":true,"href":"https:\/\/axiomind.com\/fr\/wp-json\/wp\/v2\/product-cat?post=3476"},{"taxonomy":"product-status","embeddable":true,"href":"https:\/\/axiomind.com\/fr\/wp-json\/wp\/v2\/product-status?post=3476"}],"curies":[{"name":"wp","href":"https:\/\/api.w.org\/{rel}","templated":true}]}}