{"id":3566,"date":"2020-12-16T12:36:30","date_gmt":"2020-12-16T18:36:30","guid":{"rendered":"https:\/\/axiomdev.bdes.io\/product\/puropal-leader-2\/"},"modified":"2026-01-21T09:55:13","modified_gmt":"2026-01-21T15:55:13","slug":"puropal-leader","status":"publish","type":"product","link":"https:\/\/axiomind.com\/fr\/product\/puropal-leader\/","title":{"rendered":"PuroPal Leader"},"content":{"rendered":"<p>PUROPAL-Leader est id\u00e9al pour la d\u00e9min\u00e9ralisation de l&#8217;eau de remplissage dans les syst\u00e8mes de chauffage hydroniques en boucle ferm\u00e9e<\/p>\n","protected":false},"featured_media":5160,"template":"","meta":{"_acf_changed":false,"_relevanssi_hide_post":"","_relevanssi_hide_content":"","_relevanssi_pin_for_all":"","_relevanssi_pin_keywords":"","_relevanssi_unpin_keywords":"","_relevanssi_related_keywords":"","_relevanssi_related_include_ids":"","_relevanssi_related_exclude_ids":"","_relevanssi_related_no_append":"","_relevanssi_related_not_related":"","_relevanssi_related_posts":"","_relevanssi_noindex_reason":""},"product-cat":[435,439],"product-status":[],"class_list":["post-3566","product","type-product","status-publish","has-post-thumbnail","hentry","product-cat-demineralisateur-h2o-puropal","product-cat-unite-autonome-de-remplissage"],"acf":{"market_segment":"","product_line":"PuroPal Series","is_discontinued":false,"application_types":"","is_ul_listed":false,"is_csa_certified":false,"is_etl_certified":false,"voltage":"","tank_capacity_usg":793,"tank_capacity_liters":"","demineralizer_capacity_usg":793,"pressure_range_min_psi":"","pressure_range_max_psi":"","max_working_pressure_psi":"","btu_rating":"","flow_rate_gph":"","flow_rate_gpm":"","lift_height_ft":"","pump_count":"","connection_size":"","max_temperature_f":"","micron_rating":"","is_high_pressure":false,"is_ultra_high_pressure":false,"is_duplex":false,"has_control_panel":false,"is_large_capacity":false,"is_stainless_steel":true,"is_wall_mount":false,"has_2prv_outlet":false,"is_high_temperature":false,"has_pump":false,"support_instructions":"","serial_number_image":null,"support_faqs":null},"_links":{"self":[{"href":"https:\/\/axiomind.com\/fr\/wp-json\/wp\/v2\/product\/3566","targetHints":{"allow":["GET"]}}],"collection":[{"href":"https:\/\/axiomind.com\/fr\/wp-json\/wp\/v2\/product"}],"about":[{"href":"https:\/\/axiomind.com\/fr\/wp-json\/wp\/v2\/types\/product"}],"wp:featuredmedia":[{"embeddable":true,"href":"https:\/\/axiomind.com\/fr\/wp-json\/wp\/v2\/media\/5160"}],"wp:attachment":[{"href":"https:\/\/axiomind.com\/fr\/wp-json\/wp\/v2\/media?parent=3566"}],"wp:term":[{"taxonomy":"product-cat","embeddable":true,"href":"https:\/\/axiomind.com\/fr\/wp-json\/wp\/v2\/product-cat?post=3566"},{"taxonomy":"product-status","embeddable":true,"href":"https:\/\/axiomind.com\/fr\/wp-json\/wp\/v2\/product-status?post=3566"}],"curies":[{"name":"wp","href":"https:\/\/api.w.org\/{rel}","templated":true}]}}